{"id":3,"date":"2021-08-10T09:48:49","date_gmt":"2021-08-10T09:48:49","guid":{"rendered":"https:\/\/www.momastudios.com\/momacernusco\/?page_id=3"},"modified":"2021-08-23T14:40:10","modified_gmt":"2021-08-23T12:40:10","slug":"privacy-policy","status":"publish","type":"page","link":"https:\/\/www.momastudios.com\/momacernusco\/privacy-policy\/","title":{"rendered":"Privacy Policy"},"content":{"rendered":"<p><strong>INFORMATIVA EX ART. 13 DEL REGOLAMENTO UE\/2016\/679 [GDPR]<\/strong><\/p>\n<p>Il Regolamento UE\/2016\/679 \u201cGeneral Data Protection Regulation\u201d (GDPR), di immediata applicazione anche in Italia, prevede la tutela delle persone e di altri soggetti rispetto al trattamento dei propri dati personali.<br \/>Nel rispetto della normativa indicata, il trattamento effettuato dalla nostra Societ\u00e0 sar\u00e0 improntato ai principi di correttezza, liceit\u00e0, trasparenza e di tutela della Sua riservatezza e dei Suoi diritti.<\/p>\n<p>Ai sensi dell\u2019articolo 13 del\u00a0GDPR, pertanto, Le comunichiamo quanto segue:<br \/>I dati personali e i recapiti da Lei forniti verranno trattati, dietro Suo consenso espresso con la firma del modulo di adesione\/tesseramento, per il legittimo interesse della nostra societ\u00e0 ad effettuare: a) l\u2019inserimento nel libro dei soci\/elenco dei tesserati; b) il tesseramento presso FSN, DSA, EPS cui la nostra societ\u00e0 \u00e8 affiliata o intender\u00e0 affiliarsi; c) per ogni altro utilizzo attinente ai suddetti rapporti associativi e di tesseramento sportivo.<\/p>\n<p>Base giuridica di tali operazioni sono gli artt. 36 e seguenti del Codice Civile, la normativa fiscale relativa agli enti non commerciali (art. 148 DPR n. 917\/1986, art. 4 DPR n. 633\/72, art. 90 Legge n. 289\/2002 e smi), nonch\u00e9 tutte le disposizioni emanate da CONI, FSN, DSA, EPS e relative al tesseramento nonch\u00e9 alla partecipazione alle attivit\u00e0 organizzate e\/o autorizzate da tali enti.<\/p>\n<p>I legittimi interessi del trattamento sono da individuare nella corretta applicazione delle disposizioni statutarie della nostra societ\u00e0, la possibilit\u00e0 di usufruire delle agevolazioni fiscali spettanti alla stessa, nonch\u00e9 la possibilit\u00e0 di partecipare alle attivit\u00e0 organizzate\/autorizzate dagli enti citati ai precedenti punti.<\/p>\n<p>Il trattamento sar\u00e0 effettuato con l\u2019impiego di schede manuali, realizzate anche con l\u2019ausilio di mezzi elettronici, conservate in luoghi chiusi, la cui chiave \u00e8 detenuta dal legale rappresentante della societ\u00e0, ovvero con modalit\u00e0 informatizzate, su computer posto presso la sede ovvero custodito dal legale rappresentante, attrezzato adeguatamente contro i rischi informatici (firewall, antivirus, backup periodico dei dati); autorizzati ad accedere a tali dati, oltre al legale rappresentante, sono gli incaricati al trattamento, come individuati e nominati dall\u2019organo amministrativo. Ai sensi dell\u2019art. 4, n. 2, GDPR, il trattamento dei dati personali potr\u00e0 consistere nella raccolta, registrazione, organizzazione, consultazione, elaborazione, modificazione, selezione, estrazione, raffronto, utilizzo, interconnessione, blocco, comunicazione, cancellazione e distruzione dei dati.<\/p>\n<p>I dati personali saranno conservati per tutto il tempo indispensabile ad una corretta tenuta del libro elenco tesserati e\/o per procedere alle formalit\u00e0 richieste da CONI, FSN, DSA, EPS cui la societ\u00e0 \u00e8 affiliata o intender\u00e0 affiliarsi: tale termine \u00e8 determinato dal CC, dalla normativa fiscale e dalle norme e dai regolamenti del CONI e dei citati enti. La verifica sull\u2019obsolescenza dei dati oggetto di trattamento rispetto alle finalit\u00e0 per le quali sono stati raccolti e trattati viene effettuata periodicamente.<\/p>\n<p>Il conferimento dei dati e il Suo consenso al trattamento sono obbligatori per il raggiungimento delle finalit\u00e0 dello statuto della societ\u00e0 ed sono quindi indispensabili per l\u2019accoglimento della sua domanda di ammissione a socio e per l\u2019eventuale tesseramento presso FSN\/DSA\/EPS ovvero per la partecipazione alle attivit\u00e0 organizzate dalla nostra associazione\/societ\u00e0; l\u2019eventuale rifiuto a fornirli comporta l\u2019impossibilit\u00e0 di accogliere la Sua domanda di iscrizione e\/o partecipazione.<\/p>\n<p>I dati anagrafici potranno essere comunicati a terzi destinatari: CONI, FSN, DSA, EPS, cui la nostra societ\u00e0 \u00e8 affiliata o intender\u00e0 affiliarsi; societ\u00e0\/compagnie assicurative e broker, per la copertura del rischio infortunistico legato allo svolgimento dell\u2019attivit\u00e0 sportiva e in osservanza agli obblighi di legge, regionale e nazionale; aziende\/studi di consulenza esterni incaricati nel fornire assistenza amministrativa, fiscale e contabile alla societ\u00e0; a centri di medicina dello sport incaricati di effettuare visite medico sportive, su richiesta della nostra associazione\/societ\u00e0. I destinatari saranno tenuti all\u2019osservanza delle prescrizioni del GDPR e i Suoi dati non saranno comunicati ad altri soggetti, n\u00e9 saranno oggetto di diffusione.<\/p>\n<p>Il trattamento non riguarder\u00e0 categorie particolari di dati personali, vale a dire \u201ci dati personali idonei a rivelare l\u2019origine razziale ed etnica, le convinzioni religiose, filosofiche o di altro genere le opinioni politiche, l\u2019adesione a partiti, sindacati, associazioni od organizzazioni a carattere religioso, filosofico, politico o sindacale, nonch\u00e9 i dati personali idonei a rilevare lo stato di salute e la vita sessuale\u201d.\u00a0Gli eventuali certificati medici acquisiti per lo svolgimento dell\u2019attivit\u00e0 sportiva agonistica e non agonistica in conformit\u00e0 alle prescrizioni di legge, saranno conservati a cura del legale rappresentante che provveder\u00e0 alla conservazione, senza diffusione e\/o ulteriore trattamento a terzi;<br \/>Il titolare del trattamento \u00e8 societ\u00e0 indicata in intestazione (v. fronte modulo). Il data protector \u00e8 SPORTRICK,\/SALESTRAINER che \u00e8 un marchio di TOBABO srl e SENDINBlue SAS<\/p>\n<p>Il responsabile del trattamento \u00e8 il legale rappresentante della stessa, Presidente o Amministratore, contattabile all\u2019indirizzo mail indicato in intestazione (v. fronte modulo).<\/p>\n<p>Nella Sua qualit\u00e0 di interessato e in relazione ai trattamenti sopradetti, in ogni momento Lei potr\u00e0 esercitare i Suoi diritti di cui agli artt. 7, da 15 a 21 e 77 GDPR, (diritto di accesso, di rettifica, di cancellazione, di limitazione al trattamento, di portabilit\u00e0 dei dati), nonch\u00e9 di conoscere i dati che La riguardano, sapere come sono stati acquisiti, verificare se sono esatti, completi, aggiornati e ben custoditi, di ricevere i dati in un formato strutturato, di uso comune e leggibile da dispositivo automatico, di revocare il consenso eventualmente prestato relativamente al trattamento dei Suoi dati in qualsiasi momento ed opporsi in tutto od in parte, all\u2019utilizzo degli stessi. Tali diritti possono essere esercitati attraverso specifica istanza da indirizzare tramite raccomandata con A\/R al titolare del trattamento di cui al punto 9).<\/p>\n<p>Lei ha il diritto di revocare il consenso in qualsiasi momento senza pregiudicare la liceit\u00e0 del trattamento basata sul consenso prestato prima della revoca. Tale diritto potr\u00e0 essere esercitato inviando la revoca del consenso all\u2019indirizzo e-mail indicato nel precedente punto 9.<\/p>\n<p>Lei ha il diritto di proporre reclamo al Garante per la protezione dei dati personali ovvero alla diversa autorit\u00e0 di controllo che dovesse essere istituita.<\/p>\n<p>Non esiste alcun processo decisionale automatizzato, n\u00e9 alcuna attivit\u00e0 di profilazione di cui all\u2019articolo 22, paragrafi 1 e 4 del\u00a0GDPR.<\/p>\n","protected":false},"excerpt":{"rendered":"<p>INFORMATIVA EX ART. 13 DEL REGOLAMENTO UE\/2016\/679 [GDPR] Il Regolamento UE\/2016\/679 \u201cGeneral Data Protection Regulation\u201d (GDPR), di immediata applicazione anche in Italia, prevede la tutela delle persone e di altri soggetti rispetto al trattamento dei propri dati personali.Nel rispetto della normativa indicata, il trattamento effettuato dalla nostra Societ\u00e0 sar\u00e0 improntato ai principi di correttezza, liceit\u00e0,&#8230;<\/p>\n","protected":false},"author":1,"featured_media":0,"parent":0,"menu_order":0,"comment_status":"closed","ping_status":"open","template":"","meta":{"_acf_changed":false,"_joinchat":[],"footnotes":""},"class_list":["post-3","page","type-page","status-publish","hentry"],"acf":[],"yoast_head":"<!-- This site is optimized with the Yoast SEO plugin v27.6 - https:\/\/yoast.com\/product\/yoast-seo-wordpress\/ -->\n<title>Privacy Policy - Moma Studios<\/title>\n<meta name=\"robots\" content=\"index, follow, max-snippet:-1, max-image-preview:large, max-video-preview:-1\" \/>\n<link rel=\"canonical\" href=\"https:\/\/www.momastudios.com\/momacernusco\/privacy-policy\/\" \/>\n<meta property=\"og:locale\" content=\"it_IT\" \/>\n<meta property=\"og:type\" content=\"article\" \/>\n<meta property=\"og:title\" content=\"Privacy Policy - Moma Studios\" \/>\n<meta property=\"og:description\" content=\"INFORMATIVA EX ART. 13 DEL REGOLAMENTO UE\/2016\/679 [GDPR] Il Regolamento UE\/2016\/679 \u201cGeneral Data Protection Regulation\u201d (GDPR), di immediata applicazione anche in Italia, prevede la tutela delle persone e di altri soggetti rispetto al trattamento dei propri dati personali.Nel rispetto della normativa indicata, il trattamento effettuato dalla nostra Societ\u00e0 sar\u00e0 improntato ai principi di correttezza, liceit\u00e0,...\" \/>\n<meta property=\"og:url\" content=\"https:\/\/www.momastudios.com\/momacernusco\/privacy-policy\/\" \/>\n<meta property=\"og:site_name\" content=\"Moma Studios\" \/>\n<meta property=\"article:modified_time\" content=\"2021-08-23T12:40:10+00:00\" \/>\n<meta name=\"twitter:card\" content=\"summary_large_image\" \/>\n<meta name=\"twitter:label1\" content=\"Tempo di lettura stimato\" \/>\n\t<meta name=\"twitter:data1\" content=\"5 minuti\" \/>\n<script type=\"application\/ld+json\" class=\"yoast-schema-graph\">{\"@context\":\"https:\\\/\\\/schema.org\",\"@graph\":[{\"@type\":\"WebPage\",\"@id\":\"https:\\\/\\\/www.momastudios.com\\\/momacernusco\\\/privacy-policy\\\/\",\"url\":\"https:\\\/\\\/www.momastudios.com\\\/momacernusco\\\/privacy-policy\\\/\",\"name\":\"Privacy Policy - Moma Studios\",\"isPartOf\":{\"@id\":\"https:\\\/\\\/www.momastudios.com\\\/momacernusco\\\/#website\"},\"datePublished\":\"2021-08-10T09:48:49+00:00\",\"dateModified\":\"2021-08-23T12:40:10+00:00\",\"breadcrumb\":{\"@id\":\"https:\\\/\\\/www.momastudios.com\\\/momacernusco\\\/privacy-policy\\\/#breadcrumb\"},\"inLanguage\":\"it-IT\",\"potentialAction\":[{\"@type\":\"ReadAction\",\"target\":[\"https:\\\/\\\/www.momastudios.com\\\/momacernusco\\\/privacy-policy\\\/\"]}]},{\"@type\":\"BreadcrumbList\",\"@id\":\"https:\\\/\\\/www.momastudios.com\\\/momacernusco\\\/privacy-policy\\\/#breadcrumb\",\"itemListElement\":[{\"@type\":\"ListItem\",\"position\":1,\"name\":\"Home\",\"item\":\"https:\\\/\\\/www.momastudios.com\\\/momacernusco\\\/\"},{\"@type\":\"ListItem\",\"position\":2,\"name\":\"Privacy Policy\"}]},{\"@type\":\"WebSite\",\"@id\":\"https:\\\/\\\/www.momastudios.com\\\/momacernusco\\\/#website\",\"url\":\"https:\\\/\\\/www.momastudios.com\\\/momacernusco\\\/\",\"name\":\"Moma Studios\",\"description\":\"Network\",\"potentialAction\":[{\"@type\":\"SearchAction\",\"target\":{\"@type\":\"EntryPoint\",\"urlTemplate\":\"https:\\\/\\\/www.momastudios.com\\\/momacernusco\\\/?s={search_term_string}\"},\"query-input\":{\"@type\":\"PropertyValueSpecification\",\"valueRequired\":true,\"valueName\":\"search_term_string\"}}],\"inLanguage\":\"it-IT\"}]}<\/script>\n<!-- \/ Yoast SEO plugin. -->","yoast_head_json":{"title":"Privacy Policy - Moma Studios","robots":{"index":"index","follow":"follow","max-snippet":"max-snippet:-1","max-image-preview":"max-image-preview:large","max-video-preview":"max-video-preview:-1"},"canonical":"https:\/\/www.momastudios.com\/momacernusco\/privacy-policy\/","og_locale":"it_IT","og_type":"article","og_title":"Privacy Policy - Moma Studios","og_description":"INFORMATIVA EX ART. 13 DEL REGOLAMENTO UE\/2016\/679 [GDPR] Il Regolamento UE\/2016\/679 \u201cGeneral Data Protection Regulation\u201d (GDPR), di immediata applicazione anche in Italia, prevede la tutela delle persone e di altri soggetti rispetto al trattamento dei propri dati personali.Nel rispetto della normativa indicata, il trattamento effettuato dalla nostra Societ\u00e0 sar\u00e0 improntato ai principi di correttezza, liceit\u00e0,...","og_url":"https:\/\/www.momastudios.com\/momacernusco\/privacy-policy\/","og_site_name":"Moma Studios","article_modified_time":"2021-08-23T12:40:10+00:00","twitter_card":"summary_large_image","twitter_misc":{"Tempo di lettura stimato":"5 minuti"},"schema":{"@context":"https:\/\/schema.org","@graph":[{"@type":"WebPage","@id":"https:\/\/www.momastudios.com\/momacernusco\/privacy-policy\/","url":"https:\/\/www.momastudios.com\/momacernusco\/privacy-policy\/","name":"Privacy Policy - Moma Studios","isPartOf":{"@id":"https:\/\/www.momastudios.com\/momacernusco\/#website"},"datePublished":"2021-08-10T09:48:49+00:00","dateModified":"2021-08-23T12:40:10+00:00","breadcrumb":{"@id":"https:\/\/www.momastudios.com\/momacernusco\/privacy-policy\/#breadcrumb"},"inLanguage":"it-IT","potentialAction":[{"@type":"ReadAction","target":["https:\/\/www.momastudios.com\/momacernusco\/privacy-policy\/"]}]},{"@type":"BreadcrumbList","@id":"https:\/\/www.momastudios.com\/momacernusco\/privacy-policy\/#breadcrumb","itemListElement":[{"@type":"ListItem","position":1,"name":"Home","item":"https:\/\/www.momastudios.com\/momacernusco\/"},{"@type":"ListItem","position":2,"name":"Privacy Policy"}]},{"@type":"WebSite","@id":"https:\/\/www.momastudios.com\/momacernusco\/#website","url":"https:\/\/www.momastudios.com\/momacernusco\/","name":"Moma Studios","description":"Network","potentialAction":[{"@type":"SearchAction","target":{"@type":"EntryPoint","urlTemplate":"https:\/\/www.momastudios.com\/momacernusco\/?s={search_term_string}"},"query-input":{"@type":"PropertyValueSpecification","valueRequired":true,"valueName":"search_term_string"}}],"inLanguage":"it-IT"}]}},"_links":{"self":[{"href":"https:\/\/www.momastudios.com\/momacernusco\/wp-json\/wp\/v2\/pages\/3","targetHints":{"allow":["GET"]}}],"collection":[{"href":"https:\/\/www.momastudios.com\/momacernusco\/wp-json\/wp\/v2\/pages"}],"about":[{"href":"https:\/\/www.momastudios.com\/momacernusco\/wp-json\/wp\/v2\/types\/page"}],"author":[{"embeddable":true,"href":"https:\/\/www.momastudios.com\/momacernusco\/wp-json\/wp\/v2\/users\/1"}],"replies":[{"embeddable":true,"href":"https:\/\/www.momastudios.com\/momacernusco\/wp-json\/wp\/v2\/comments?post=3"}],"version-history":[{"count":1,"href":"https:\/\/www.momastudios.com\/momacernusco\/wp-json\/wp\/v2\/pages\/3\/revisions"}],"predecessor-version":[{"id":218117,"href":"https:\/\/www.momastudios.com\/momacernusco\/wp-json\/wp\/v2\/pages\/3\/revisions\/218117"}],"wp:attachment":[{"href":"https:\/\/www.momastudios.com\/momacernusco\/wp-json\/wp\/v2\/media?parent=3"}],"curies":[{"name":"wp","href":"https:\/\/api.w.org\/{rel}","templated":true}]}}